{"id":10528,"date":"2024-10-09T19:27:05","date_gmt":"2024-10-09T17:27:05","guid":{"rendered":"https:\/\/highbudi.com\/?post_type=product&#038;p=10528"},"modified":"2025-05-24T13:20:04","modified_gmt":"2025-05-24T11:20:04","slug":"fleur-cbg-lavender-kush-budah-bud","status":"publish","type":"product","link":"https:\/\/highbudi.com\/index.php\/product\/fleur-cbg-lavender-kush-budah-bud\/","title":{"rendered":"Fleur CBG Lavender Kush"},"content":{"rendered":"<h4>Fleurs de CBG de qualit\u00e9 sup\u00e9rieure<\/h4>\n<p>D\u00e9couvrez l&rsquo;exquise Fleur <strong>CBG<\/strong> Lavender Kush, une vari\u00e9t\u00e9 exceptionnelle con\u00e7ue pour offrir une exp\u00e9rience relaxante et apaisante. Cultiv\u00e9e avec soin, cette fleur se distingue par ses ar\u00f4mes floraux d\u00e9licats et ses notes subtiles de lavande, cr\u00e9ant un bouquet olfactif \u00e0 la fois doux et raffin\u00e9.<\/p>\n<ul>\n<li><strong>CBG (Cannabigerol)<\/strong> : Concentration en CBG 9%, connue pour ses propri\u00e9t\u00e9s apaisantes.<\/li>\n<li><strong>Ar\u00f4me<\/strong> : Parfum envo\u00fbtant de lavande, m\u00eal\u00e9 \u00e0 des nuances terreuses et herbac\u00e9es.<\/li>\n<li><strong>Qualit\u00e9 Premium<\/strong> : Cultiv\u00e9e de mani\u00e8re biologique et sans pesticides, garantissant puret\u00e9 et s\u00e9curit\u00e9.<\/li>\n<\/ul>\n<p>Offrez-vous un moment de s\u00e9r\u00e9nit\u00e9 avec la <strong>Fleur CBG Lavender Kush<\/strong>, l&rsquo;alli\u00e9e id\u00e9ale pour un bien-\u00eatre naturel et harmonieux. Se consomme en vaporisation ou en infusion pour profiter pleinement de ses effets b\u00e9n\u00e9fiques.<\/p>\n<p><a href=\"https:\/\/42cbd.com\/index.php\/cbd-premium\/\">Retour \u00e0 la boutique<\/a><\/p>\n","protected":false},"excerpt":{"rendered":"<h2>CBG 0% &#8211; Production glasshouse- Suisse<\/h2>\n<p>&lt;0,3% THC<\/p>\n<h3>Fleur de CBG Budah Bud<\/h3>\n<h3>Qualit\u00e9 Premium<\/h3>\n<p>Effets:<\/p>\n<ul>\n<li><strong>Relaxation Profonde<\/strong> : Id\u00e9ale pour r\u00e9duire le stress et favoriser une d\u00e9tente compl\u00e8te.<\/li>\n<li><strong>Soutien au Bien-\u00eatre<\/strong> : Potentiel pour soulager l&rsquo;anxi\u00e9t\u00e9 et am\u00e9liorer l&rsquo;humeur g\u00e9n\u00e9rale<\/li>\n<\/ul>\n<p>&nbsp;<\/p>\n","protected":false},"featured_media":10541,"comment_status":"open","ping_status":"closed","template":"","meta":[],"product_cat":[94],"product_tag":[],"aioseo_notices":[],"_links":{"self":[{"href":"https:\/\/highbudi.com\/index.php\/wp-json\/wp\/v2\/product\/10528"}],"collection":[{"href":"https:\/\/highbudi.com\/index.php\/wp-json\/wp\/v2\/product"}],"about":[{"href":"https:\/\/highbudi.com\/index.php\/wp-json\/wp\/v2\/types\/product"}],"replies":[{"embeddable":true,"href":"https:\/\/highbudi.com\/index.php\/wp-json\/wp\/v2\/comments?post=10528"}],"wp:featuredmedia":[{"embeddable":true,"href":"https:\/\/highbudi.com\/index.php\/wp-json\/wp\/v2\/media\/10541"}],"wp:attachment":[{"href":"https:\/\/highbudi.com\/index.php\/wp-json\/wp\/v2\/media?parent=10528"}],"wp:term":[{"taxonomy":"product_cat","embeddable":true,"href":"https:\/\/highbudi.com\/index.php\/wp-json\/wp\/v2\/product_cat?post=10528"},{"taxonomy":"product_tag","embeddable":true,"href":"https:\/\/highbudi.com\/index.php\/wp-json\/wp\/v2\/product_tag?post=10528"}],"curies":[{"name":"wp","href":"https:\/\/api.w.org\/{rel}","templated":true}]}}