{"id":10526,"date":"2024-10-09T19:27:05","date_gmt":"2024-10-09T17:27:05","guid":{"rendered":"https:\/\/highbudi.com\/?post_type=product&#038;p=10526"},"modified":"2024-10-09T19:27:35","modified_gmt":"2024-10-09T17:27:35","slug":"cbd-pre-roll-amnesia-7-thcpo-high-budi","status":"publish","type":"product","link":"https:\/\/highbudi.com\/index.php\/product\/cbd-pre-roll-amnesia-7-thcpo-high-budi\/","title":{"rendered":"CBD Pre-Roll Amnesia 7% THCPO High Budi"},"content":{"rendered":"<h3>Cigarette pr\u00e9-roul\u00e9e contenant une Fleur de CBD de qualit\u00e9 sup\u00e9rieure (vari\u00e9t\u00e9 Amn\u00e9sia)<\/h3>\n<h4>High Budi Boost &#8211; CBD Stimulant &#8211; n\u00e9o cannabino\u00efdes<\/h4>\n<p>Pre-Roll vendu \u00e0 l&rsquo;unit\u00e9<\/p>\n","protected":false},"excerpt":{"rendered":"<h2>Production indoor en Suisse<\/h2>\n<p><strong>THCPO:<\/strong> 7%<\/p>\n<p>&lt;0,3% THC<\/p>\n<h3>Cigarette pr\u00e9-roul\u00e9e<\/h3>\n<h3><a href=\"https:\/\/42cbd.com\/index.php\/le-cbd-high-budi\/\" target=\"_blank\" rel=\"noopener\">Fleur de CBD Hight Budi<\/a><\/h3>\n<h3>Qualit\u00e9 Premium<\/h3>\n<p>&nbsp;<\/p>\n","protected":false},"featured_media":10540,"comment_status":"open","ping_status":"closed","template":"","meta":[],"product_cat":[78],"product_tag":[],"aioseo_notices":[],"_links":{"self":[{"href":"https:\/\/highbudi.com\/index.php\/wp-json\/wp\/v2\/product\/10526"}],"collection":[{"href":"https:\/\/highbudi.com\/index.php\/wp-json\/wp\/v2\/product"}],"about":[{"href":"https:\/\/highbudi.com\/index.php\/wp-json\/wp\/v2\/types\/product"}],"replies":[{"embeddable":true,"href":"https:\/\/highbudi.com\/index.php\/wp-json\/wp\/v2\/comments?post=10526"}],"wp:featuredmedia":[{"embeddable":true,"href":"https:\/\/highbudi.com\/index.php\/wp-json\/wp\/v2\/media\/10540"}],"wp:attachment":[{"href":"https:\/\/highbudi.com\/index.php\/wp-json\/wp\/v2\/media?parent=10526"}],"wp:term":[{"taxonomy":"product_cat","embeddable":true,"href":"https:\/\/highbudi.com\/index.php\/wp-json\/wp\/v2\/product_cat?post=10526"},{"taxonomy":"product_tag","embeddable":true,"href":"https:\/\/highbudi.com\/index.php\/wp-json\/wp\/v2\/product_tag?post=10526"}],"curies":[{"name":"wp","href":"https:\/\/api.w.org\/{rel}","templated":true}]}}