{"id":10523,"date":"2024-10-09T19:27:05","date_gmt":"2024-10-09T17:27:05","guid":{"rendered":"https:\/\/highbudi.com\/?post_type=product&#038;p=10523"},"modified":"2024-10-09T19:27:24","modified_gmt":"2024-10-09T17:27:24","slug":"huile-de-chanvre-high-budi-energie-boost","status":"publish","type":"product","link":"https:\/\/highbudi.com\/index.php\/product\/huile-de-chanvre-high-budi-energie-boost\/","title":{"rendered":"Huile de Chanvre High Budi Energie Boost"},"content":{"rendered":"<p>Plongez dans une exp\u00e9rience de <strong>bien-\u00eatre<\/strong> dynamique avec notre <strong>Huile de Chanvre Biologique Suisse<\/strong>, infus\u00e9e de <strong>THC<\/strong> et de <strong>THCV<\/strong>.<strong>Chanvre<\/strong> de qualit\u00e9 sup\u00e9rieur cultiv\u00e9 en <strong>Suisses<\/strong> (culture <strong>indoor<\/strong>), cette huile offre une stimulation naturelle et une \u00e9nergie revigorante. Les propri\u00e9t\u00e9s \u00e9nergisantes du THC et du THCV s&rsquo;associent pour offrir une sensation de vitalit\u00e9 et de clart\u00e9 mentale. Redynamisez votre quotidien avec notre Huile de Chanvre Biologique Suisse et d\u00e9couvrez une nouvelle dimension de bien-\u00eatre naturel.<\/p>\n<p><a href=\"https:\/\/42cbd.com\/index.php\/cbd-premium\/\">Retour \u00e0 la boutique<\/a><\/p>\n","protected":false},"excerpt":{"rendered":"<p>La fiole de 10 ml<\/p>\n<h2><a href=\"https:\/\/42cbd.com\/index.php\/les-huiles-de-cbd-full-spectrum\/\" target=\"_blank\" rel=\"noopener\">Huile de CBD Full Spectrum<\/a><\/h2>\n<h3>Origine: Suisse<\/h3>\n<p>Composition:<\/p>\n<h4><strong>THC + THCV<\/strong><\/h4>\n<p>THC&lt;0,3%<\/p>\n","protected":false},"featured_media":10537,"comment_status":"open","ping_status":"closed","template":"","meta":[],"product_cat":[93],"product_tag":[],"aioseo_notices":[],"_links":{"self":[{"href":"https:\/\/highbudi.com\/index.php\/wp-json\/wp\/v2\/product\/10523"}],"collection":[{"href":"https:\/\/highbudi.com\/index.php\/wp-json\/wp\/v2\/product"}],"about":[{"href":"https:\/\/highbudi.com\/index.php\/wp-json\/wp\/v2\/types\/product"}],"replies":[{"embeddable":true,"href":"https:\/\/highbudi.com\/index.php\/wp-json\/wp\/v2\/comments?post=10523"}],"wp:featuredmedia":[{"embeddable":true,"href":"https:\/\/highbudi.com\/index.php\/wp-json\/wp\/v2\/media\/10537"}],"wp:attachment":[{"href":"https:\/\/highbudi.com\/index.php\/wp-json\/wp\/v2\/media?parent=10523"}],"wp:term":[{"taxonomy":"product_cat","embeddable":true,"href":"https:\/\/highbudi.com\/index.php\/wp-json\/wp\/v2\/product_cat?post=10523"},{"taxonomy":"product_tag","embeddable":true,"href":"https:\/\/highbudi.com\/index.php\/wp-json\/wp\/v2\/product_tag?post=10523"}],"curies":[{"name":"wp","href":"https:\/\/api.w.org\/{rel}","templated":true}]}}