{"id":10511,"date":"2024-10-09T19:26:50","date_gmt":"2024-10-09T17:26:50","guid":{"rendered":"https:\/\/highbudi.com\/?post_type=product&#038;p=10511"},"modified":"2024-10-09T19:27:28","modified_gmt":"2024-10-09T17:27:28","slug":"fleur-de-cbd-moon-rock-high-budi","status":"publish","type":"product","link":"https:\/\/highbudi.com\/index.php\/product\/fleur-de-cbd-moon-rock-high-budi\/","title":{"rendered":"Fleur de CBD Moon Rock High Budi"},"content":{"rendered":"<h4>Fleurs de CBD ultra-concentr\u00e9 de qualit\u00e9 sup\u00e9rieure<\/h4>\n<p>Puissantes et aromatiques, les \u00ab\u00a0Rocks\u00a0\u00bb sont des fleurs de CBD recouverte d&rsquo;isola (sous forme de cristaux).<\/p>\n<p>&nbsp;<\/p>\n","protected":false},"excerpt":{"rendered":"<h2>THCPO 5% &#8211; CBN 10% CBD 30% &#8211; Production Suisse<\/h2>\n<p>&lt;0,3% THC<\/p>\n<h3><a href=\"https:\/\/42cbd.com\/index.php\/cbd-premium\/#cbd-rock-high-budi\" target=\"_blank\" rel=\"noopener\">CBD Rock High Budi<\/a><\/h3>\n<h3>Qualit\u00e9 Premium<\/h3>\n<p><a href=\"https:\/\/42cbd.com\/index.php\/cbd-cultive-en-indoor-pour-une-qualite-optimale\/\" target=\"_blank\" rel=\"noopener\"><strong>Indoor<\/strong><\/a>: production en int\u00e9rieur<\/p>\n<p>&nbsp;<\/p>\n","protected":false},"featured_media":10515,"comment_status":"open","ping_status":"closed","template":"","meta":[],"product_cat":[92],"product_tag":[],"aioseo_notices":[],"_links":{"self":[{"href":"https:\/\/highbudi.com\/index.php\/wp-json\/wp\/v2\/product\/10511"}],"collection":[{"href":"https:\/\/highbudi.com\/index.php\/wp-json\/wp\/v2\/product"}],"about":[{"href":"https:\/\/highbudi.com\/index.php\/wp-json\/wp\/v2\/types\/product"}],"replies":[{"embeddable":true,"href":"https:\/\/highbudi.com\/index.php\/wp-json\/wp\/v2\/comments?post=10511"}],"wp:featuredmedia":[{"embeddable":true,"href":"https:\/\/highbudi.com\/index.php\/wp-json\/wp\/v2\/media\/10515"}],"wp:attachment":[{"href":"https:\/\/highbudi.com\/index.php\/wp-json\/wp\/v2\/media?parent=10511"}],"wp:term":[{"taxonomy":"product_cat","embeddable":true,"href":"https:\/\/highbudi.com\/index.php\/wp-json\/wp\/v2\/product_cat?post=10511"},{"taxonomy":"product_tag","embeddable":true,"href":"https:\/\/highbudi.com\/index.php\/wp-json\/wp\/v2\/product_tag?post=10511"}],"curies":[{"name":"wp","href":"https:\/\/api.w.org\/{rel}","templated":true}]}}