{"id":9747,"date":"2023-10-25T19:21:42","date_gmt":"2023-10-25T17:21:42","guid":{"rendered":"https:\/\/highbudi.com\/?page_id=9747"},"modified":"2024-05-15T23:45:42","modified_gmt":"2024-05-15T21:45:42","slug":"le-cbd-high-budi","status":"publish","type":"page","link":"https:\/\/highbudi.com\/index.php\/le-cbd-high-budi\/","title":{"rendered":"Le CBD High Budi"},"content":{"rendered":"\n<h2 class=\"wp-block-heading has-text-align-center\">Fleurs de CBD<\/h2>\n\n\n\n<div class=\"wp-block-columns is-layout-flex wp-container-5\">\n<div class=\"wp-block-column is-layout-flow\">\n<figure class=\"wp-block-image size-full\"><img decoding=\"async\" loading=\"lazy\" width=\"1000\" height=\"1000\" src=\"https:\/\/highbudi.com\/wp-content\/uploads\/2024\/01\/Harlequin-cbd-fleur-bio-indoor.jpg\" alt=\"\" class=\"wp-image-9979\" srcset=\"https:\/\/highbudi.com\/wp-content\/uploads\/2024\/01\/Harlequin-cbd-fleur-bio-indoor.jpg 1000w, https:\/\/highbudi.com\/wp-content\/uploads\/2024\/01\/Harlequin-cbd-fleur-bio-indoor-300x300.jpg 300w, https:\/\/highbudi.com\/wp-content\/uploads\/2024\/01\/Harlequin-cbd-fleur-bio-indoor-150x150.jpg 150w, https:\/\/highbudi.com\/wp-content\/uploads\/2024\/01\/Harlequin-cbd-fleur-bio-indoor-768x768.jpg 768w, https:\/\/highbudi.com\/wp-content\/uploads\/2024\/01\/Harlequin-cbd-fleur-bio-indoor-600x600.jpg 600w\" sizes=\"(max-width: 1000px) 100vw, 1000px\" \/><\/figure>\n\n\n\n<p class=\"has-text-align-center\"><strong>Harlequin<\/strong><\/p>\n\n\n\n<p class=\"has-text-align-center\">Production Suisse<\/p>\n<\/div>\n\n\n\n<div class=\"wp-block-column is-layout-flow\">\n<figure class=\"wp-block-image size-full\"><img decoding=\"async\" loading=\"lazy\" width=\"1000\" height=\"1000\" src=\"https:\/\/highbudi.com\/wp-content\/uploads\/2024\/01\/cannabis-cbd-variete-amnesia-cbd-boost-bio-indoor.jpg\" alt=\"\" class=\"wp-image-9986\" srcset=\"https:\/\/highbudi.com\/wp-content\/uploads\/2024\/01\/cannabis-cbd-variete-amnesia-cbd-boost-bio-indoor.jpg 1000w, https:\/\/highbudi.com\/wp-content\/uploads\/2024\/01\/cannabis-cbd-variete-amnesia-cbd-boost-bio-indoor-300x300.jpg 300w, https:\/\/highbudi.com\/wp-content\/uploads\/2024\/01\/cannabis-cbd-variete-amnesia-cbd-boost-bio-indoor-150x150.jpg 150w, https:\/\/highbudi.com\/wp-content\/uploads\/2024\/01\/cannabis-cbd-variete-amnesia-cbd-boost-bio-indoor-768x768.jpg 768w, https:\/\/highbudi.com\/wp-content\/uploads\/2024\/01\/cannabis-cbd-variete-amnesia-cbd-boost-bio-indoor-600x600.jpg 600w\" sizes=\"(max-width: 1000px) 100vw, 1000px\" \/><\/figure>\n\n\n\n<p class=\"has-text-align-center\"><strong>Amnesia Boost<\/strong><\/p>\n\n\n\n<p class=\"has-text-align-center\">Production Suisse<\/p>\n<\/div>\n\n\n\n<div class=\"wp-block-column is-layout-flow\">\n<figure class=\"wp-block-image size-full\"><img decoding=\"async\" loading=\"lazy\" width=\"1000\" height=\"1000\" src=\"https:\/\/highbudi.com\/wp-content\/uploads\/2024\/01\/cbd-jack-herer-flower-indoor-bio.jpg\" alt=\"\" class=\"wp-image-9985\" srcset=\"https:\/\/highbudi.com\/wp-content\/uploads\/2024\/01\/cbd-jack-herer-flower-indoor-bio.jpg 1000w, https:\/\/highbudi.com\/wp-content\/uploads\/2024\/01\/cbd-jack-herer-flower-indoor-bio-300x300.jpg 300w, https:\/\/highbudi.com\/wp-content\/uploads\/2024\/01\/cbd-jack-herer-flower-indoor-bio-150x150.jpg 150w, https:\/\/highbudi.com\/wp-content\/uploads\/2024\/01\/cbd-jack-herer-flower-indoor-bio-768x768.jpg 768w, https:\/\/highbudi.com\/wp-content\/uploads\/2024\/01\/cbd-jack-herer-flower-indoor-bio-600x600.jpg 600w\" sizes=\"(max-width: 1000px) 100vw, 1000px\" \/><\/figure>\n\n\n\n<p class=\"has-text-align-center\"><strong>Jack Herrer<\/strong><\/p>\n\n\n\n<p class=\"has-text-align-center\">Production Suisse<\/p>\n<\/div>\n\n\n\n<div class=\"wp-block-column is-layout-flow\">\n<figure class=\"wp-block-image size-full\"><img decoding=\"async\" loading=\"lazy\" width=\"1000\" height=\"1000\" src=\"https:\/\/highbudi.com\/wp-content\/uploads\/2024\/01\/cookie-mint-cbd-bio-indoor.jpg\" alt=\"\" class=\"wp-image-9989\" srcset=\"https:\/\/highbudi.com\/wp-content\/uploads\/2024\/01\/cookie-mint-cbd-bio-indoor.jpg 1000w, https:\/\/highbudi.com\/wp-content\/uploads\/2024\/01\/cookie-mint-cbd-bio-indoor-300x300.jpg 300w, https:\/\/highbudi.com\/wp-content\/uploads\/2024\/01\/cookie-mint-cbd-bio-indoor-150x150.jpg 150w, https:\/\/highbudi.com\/wp-content\/uploads\/2024\/01\/cookie-mint-cbd-bio-indoor-768x768.jpg 768w, https:\/\/highbudi.com\/wp-content\/uploads\/2024\/01\/cookie-mint-cbd-bio-indoor-600x600.jpg 600w\" sizes=\"(max-width: 1000px) 100vw, 1000px\" \/><\/figure>\n\n\n\n<p class=\"has-text-align-center\"><strong>Cookie Mint<\/strong><\/p>\n\n\n\n<p class=\"has-text-align-center\">Production Suisse<\/p>\n<\/div>\n<\/div>\n\n\n\n<div style=\"height:20px\" aria-hidden=\"true\" class=\"wp-block-spacer\"><\/div>\n\n\n\n<div class=\"wp-block-columns is-layout-flex wp-container-10\">\n<div class=\"wp-block-column is-layout-flow\">\n<div class=\"wp-block-buttons is-content-justification-center is-layout-flex wp-container-6\">\n<div class=\"wp-block-button\"><a class=\"wp-block-button__link has-text-color has-background wp-element-button\" href=\"https:\/\/42cbd.com\/index.php\/fleurs-de-cbd-qualite-premium\/#high-budi\" style=\"color:#c1e293;background-color:#466021\">Achetez nos fleurs de CBD<\/a><\/div>\n<\/div>\n\n\n\n<div style=\"height:10px\" aria-hidden=\"true\" class=\"wp-block-spacer\"><\/div>\n\n\n\n<p class=\"has-text-align-center\">Livraison \u00e0 domicile via le site 42cbd.com<\/p>\n<\/div>\n\n\n\n<div class=\"wp-block-column is-vertically-aligned-center is-layout-flow\">\n<div class=\"wp-block-buttons is-content-justification-center is-layout-flex wp-container-8\">\n<div class=\"wp-block-button\"><a class=\"wp-block-button__link has-text-color has-background wp-element-button\" href=\"https:\/\/cbdcentralepro.fr\/\" style=\"color:#c1e293;background-color:#466021\">Vendre nos fleurs de CBD<\/a><\/div>\n<\/div>\n\n\n\n<div style=\"height:10px\" aria-hidden=\"true\" class=\"wp-block-spacer\"><\/div>\n\n\n\n<p class=\"has-text-align-center\">Pour les commer\u00e7ants (CBD Shops, buralistes&#8230;)<\/p>\n<\/div>\n<\/div>\n\n\n\n<div style=\"height:40px\" aria-hidden=\"true\" class=\"wp-block-spacer\"><\/div>\n\n\n\n<h2 class=\"wp-block-heading has-text-align-center\">R\u00e9sines de CBD<\/h2>\n\n\n\n<div class=\"wp-block-columns is-layout-flex wp-container-15\">\n<div class=\"wp-block-column is-layout-flow\"><div class=\"wp-block-image\">\n<figure class=\"aligncenter size-full\"><img decoding=\"async\" loading=\"lazy\" width=\"800\" height=\"800\" src=\"https:\/\/highbudi.com\/wp-content\/uploads\/2024\/01\/resine-de-cbd-premium.png\" alt=\"\" class=\"wp-image-10003\" srcset=\"https:\/\/highbudi.com\/wp-content\/uploads\/2024\/01\/resine-de-cbd-premium.png 800w, https:\/\/highbudi.com\/wp-content\/uploads\/2024\/01\/resine-de-cbd-premium-300x300.png 300w, https:\/\/highbudi.com\/wp-content\/uploads\/2024\/01\/resine-de-cbd-premium-150x150.png 150w, https:\/\/highbudi.com\/wp-content\/uploads\/2024\/01\/resine-de-cbd-premium-768x768.png 768w, https:\/\/highbudi.com\/wp-content\/uploads\/2024\/01\/resine-de-cbd-premium-600x600.png 600w\" sizes=\"(max-width: 800px) 100vw, 800px\" \/><\/figure><\/div>\n\n\n<p class=\"has-text-align-center\"><strong>Charas Boost<\/strong><\/p>\n\n\n\n<p class=\"has-text-align-center\">Production Suisse<\/p>\n<\/div>\n\n\n\n<div class=\"wp-block-column is-layout-flow\"><div class=\"wp-block-image\">\n<figure class=\"aligncenter size-full\"><img decoding=\"async\" loading=\"lazy\" width=\"1000\" height=\"1000\" src=\"https:\/\/highbudi.com\/wp-content\/uploads\/2024\/01\/resine-olivette-cbd-hash.jpg\" alt=\"\" class=\"wp-image-10011\" srcset=\"https:\/\/highbudi.com\/wp-content\/uploads\/2024\/01\/resine-olivette-cbd-hash.jpg 1000w, https:\/\/highbudi.com\/wp-content\/uploads\/2024\/01\/resine-olivette-cbd-hash-300x300.jpg 300w, https:\/\/highbudi.com\/wp-content\/uploads\/2024\/01\/resine-olivette-cbd-hash-150x150.jpg 150w, https:\/\/highbudi.com\/wp-content\/uploads\/2024\/01\/resine-olivette-cbd-hash-768x768.jpg 768w, https:\/\/highbudi.com\/wp-content\/uploads\/2024\/01\/resine-olivette-cbd-hash-600x600.jpg 600w\" sizes=\"(max-width: 1000px) 100vw, 1000px\" \/><\/figure><\/div>\n\n\n<p class=\"has-text-align-center\"><strong>Olivette<\/strong> <strong>Boost<\/strong><\/p>\n\n\n\n<p class=\"has-text-align-center\">Production Suisse<\/p>\n<\/div>\n\n\n\n<div class=\"wp-block-column is-layout-flow\"><div class=\"wp-block-image\">\n<figure class=\"aligncenter size-full\"><img decoding=\"async\" loading=\"lazy\" width=\"1000\" height=\"1000\" src=\"http:\/\/highbudi.com\/wp-content\/uploads\/2024\/01\/resine-cbd-hash-premium-ketama.jpg\" alt=\"\" class=\"wp-image-10014\" srcset=\"https:\/\/highbudi.com\/wp-content\/uploads\/2024\/01\/resine-cbd-hash-premium-ketama.jpg 1000w, https:\/\/highbudi.com\/wp-content\/uploads\/2024\/01\/resine-cbd-hash-premium-ketama-300x300.jpg 300w, https:\/\/highbudi.com\/wp-content\/uploads\/2024\/01\/resine-cbd-hash-premium-ketama-150x150.jpg 150w, https:\/\/highbudi.com\/wp-content\/uploads\/2024\/01\/resine-cbd-hash-premium-ketama-768x768.jpg 768w, https:\/\/highbudi.com\/wp-content\/uploads\/2024\/01\/resine-cbd-hash-premium-ketama-600x600.jpg 600w\" sizes=\"(max-width: 1000px) 100vw, 1000px\" \/><\/figure><\/div>\n\n\n<p class=\"has-text-align-center\"><strong>Ketama<\/strong><\/p>\n\n\n\n<p class=\"has-text-align-center\">Production Suisse<\/p>\n<\/div>\n\n\n\n<div class=\"wp-block-column is-layout-flow\"><div class=\"wp-block-image\">\n<figure class=\"aligncenter size-full\"><img decoding=\"async\" loading=\"lazy\" width=\"1000\" height=\"1000\" src=\"https:\/\/highbudi.com\/wp-content\/uploads\/2024\/01\/resine-cbd-jaune-mousseux-premium-qualite.jpg\" alt=\"\" class=\"wp-image-10017\" srcset=\"https:\/\/highbudi.com\/wp-content\/uploads\/2024\/01\/resine-cbd-jaune-mousseux-premium-qualite.jpg 1000w, https:\/\/highbudi.com\/wp-content\/uploads\/2024\/01\/resine-cbd-jaune-mousseux-premium-qualite-300x300.jpg 300w, https:\/\/highbudi.com\/wp-content\/uploads\/2024\/01\/resine-cbd-jaune-mousseux-premium-qualite-150x150.jpg 150w, https:\/\/highbudi.com\/wp-content\/uploads\/2024\/01\/resine-cbd-jaune-mousseux-premium-qualite-768x768.jpg 768w, https:\/\/highbudi.com\/wp-content\/uploads\/2024\/01\/resine-cbd-jaune-mousseux-premium-qualite-600x600.jpg 600w\" sizes=\"(max-width: 1000px) 100vw, 1000px\" \/><\/figure><\/div>\n\n\n<p class=\"has-text-align-center\"><strong>Jaune Mousseux<\/strong><\/p>\n\n\n\n<p class=\"has-text-align-center\">Production Suisse<\/p>\n<\/div>\n<\/div>\n\n\n\n<div style=\"height:45px\" aria-hidden=\"true\" class=\"wp-block-spacer\"><\/div>\n\n\n\n<div class=\"wp-block-columns is-layout-flex wp-container-20\">\n<div class=\"wp-block-column is-layout-flow\">\n<div class=\"wp-block-buttons is-content-justification-center is-layout-flex wp-container-16\">\n<div class=\"wp-block-button\"><a class=\"wp-block-button__link has-text-color has-background wp-element-button\" href=\"https:\/\/42cbd.com\/index.php\/les-resines-de-cbd-high-budi\/\" style=\"color:#c1e293;background-color:#466021\">Achetez nos r\u00e9sines de CBD<\/a><\/div>\n<\/div>\n\n\n\n<div style=\"height:10px\" aria-hidden=\"true\" class=\"wp-block-spacer\"><\/div>\n\n\n\n<p class=\"has-text-align-center\">Livraison \u00e0 domicile via le site 42cbd.com<\/p>\n<\/div>\n\n\n\n<div class=\"wp-block-column is-vertically-aligned-center is-layout-flow\">\n<div class=\"wp-block-buttons is-content-justification-center is-layout-flex wp-container-18\">\n<div class=\"wp-block-button\"><a class=\"wp-block-button__link has-text-color has-background wp-element-button\" href=\"https:\/\/cbdcentralepro.fr\/\" style=\"color:#c1e293;background-color:#466021\">Vendre nos r\u00e9sines de CBD<\/a><\/div>\n<\/div>\n\n\n\n<div style=\"height:10px\" aria-hidden=\"true\" class=\"wp-block-spacer\"><\/div>\n\n\n\n<p class=\"has-text-align-center\">Pour les commer\u00e7ants (CBD Shops, buralistes&#8230;)<\/p>\n<\/div>\n<\/div>\n\n\n\n<h2 class=\"wp-block-heading has-text-align-center\">Huiles de CBD<\/h2>\n\n\n\n<div class=\"wp-block-columns is-layout-flex wp-container-23\">\n<div class=\"wp-block-column is-layout-flow\"><div class=\"wp-block-image\">\n<figure class=\"aligncenter size-large is-resized\"><img decoding=\"async\" src=\"https:\/\/highbudi.com\/wp-content\/uploads\/2024\/05\/huile-chanvre-h4CBD-full-spectrum-1024x1024.jpg\" alt=\"\" class=\"wp-image-10146\" width=\"375\" srcset=\"https:\/\/highbudi.com\/wp-content\/uploads\/2024\/05\/huile-chanvre-h4CBD-full-spectrum-1024x1024.jpg 1024w, https:\/\/highbudi.com\/wp-content\/uploads\/2024\/05\/huile-chanvre-h4CBD-full-spectrum-300x300.jpg 300w, https:\/\/highbudi.com\/wp-content\/uploads\/2024\/05\/huile-chanvre-h4CBD-full-spectrum-150x150.jpg 150w, https:\/\/highbudi.com\/wp-content\/uploads\/2024\/05\/huile-chanvre-h4CBD-full-spectrum-768x768.jpg 768w, https:\/\/highbudi.com\/wp-content\/uploads\/2024\/05\/huile-chanvre-h4CBD-full-spectrum-600x600.jpg 600w, https:\/\/highbudi.com\/wp-content\/uploads\/2024\/05\/huile-chanvre-h4CBD-full-spectrum.jpg 1500w\" sizes=\"(max-width: 1024px) 100vw, 1024px\" \/><\/figure><\/div><\/div>\n\n\n\n<div class=\"wp-block-column is-layout-flow\"><div class=\"wp-block-image\">\n<figure class=\"aligncenter size-large is-resized\"><img decoding=\"async\" src=\"https:\/\/highbudi.com\/wp-content\/uploads\/2024\/05\/huile-de-cbd-biologique-full-spectrum-1024x1024.jpg\" alt=\"\" class=\"wp-image-10148\" width=\"375\" srcset=\"https:\/\/highbudi.com\/wp-content\/uploads\/2024\/05\/huile-de-cbd-biologique-full-spectrum-1024x1024.jpg 1024w, https:\/\/highbudi.com\/wp-content\/uploads\/2024\/05\/huile-de-cbd-biologique-full-spectrum-300x300.jpg 300w, https:\/\/highbudi.com\/wp-content\/uploads\/2024\/05\/huile-de-cbd-biologique-full-spectrum-150x150.jpg 150w, https:\/\/highbudi.com\/wp-content\/uploads\/2024\/05\/huile-de-cbd-biologique-full-spectrum-768x768.jpg 768w, https:\/\/highbudi.com\/wp-content\/uploads\/2024\/05\/huile-de-cbd-biologique-full-spectrum-600x600.jpg 600w, https:\/\/highbudi.com\/wp-content\/uploads\/2024\/05\/huile-de-cbd-biologique-full-spectrum.jpg 1500w\" sizes=\"(max-width: 1024px) 100vw, 1024px\" \/><\/figure><\/div><\/div>\n<\/div>\n","protected":false},"excerpt":{"rendered":"<p>Fleurs de CBD Livraison \u00e0 domicile via le site 42cbd.com Pour les commer\u00e7ants (CBD Shops, buralistes&#8230;) R\u00e9sines de CBD Livraison \u00e0 domicile via le site 42cbd.com Pour les commer\u00e7ants (CBD Shops, buralistes&#8230;) Huiles de CBD<\/p>\n","protected":false},"author":1,"featured_media":0,"parent":0,"menu_order":0,"comment_status":"closed","ping_status":"closed","template":"","meta":[],"aioseo_notices":[],"_links":{"self":[{"href":"https:\/\/highbudi.com\/index.php\/wp-json\/wp\/v2\/pages\/9747"}],"collection":[{"href":"https:\/\/highbudi.com\/index.php\/wp-json\/wp\/v2\/pages"}],"about":[{"href":"https:\/\/highbudi.com\/index.php\/wp-json\/wp\/v2\/types\/page"}],"author":[{"embeddable":true,"href":"https:\/\/highbudi.com\/index.php\/wp-json\/wp\/v2\/users\/1"}],"replies":[{"embeddable":true,"href":"https:\/\/highbudi.com\/index.php\/wp-json\/wp\/v2\/comments?post=9747"}],"version-history":[{"count":5,"href":"https:\/\/highbudi.com\/index.php\/wp-json\/wp\/v2\/pages\/9747\/revisions"}],"predecessor-version":[{"id":10158,"href":"https:\/\/highbudi.com\/index.php\/wp-json\/wp\/v2\/pages\/9747\/revisions\/10158"}],"wp:attachment":[{"href":"https:\/\/highbudi.com\/index.php\/wp-json\/wp\/v2\/media?parent=9747"}],"curies":[{"name":"wp","href":"https:\/\/api.w.org\/{rel}","templated":true}]}}