{"id":9331,"date":"2020-04-24T10:46:46","date_gmt":"2020-04-24T10:46:46","guid":{"rendered":"https:\/\/demo.goodlayers.com\/cannamed\/demo1\/?page_id=9331"},"modified":"2024-10-12T14:46:02","modified_gmt":"2024-10-12T12:46:02","slug":"home-demo-2","status":"publish","type":"page","link":"https:\/\/highbudi.com\/","title":{"rendered":"High Budi &#8211; Fleurs et r\u00e9sines de CBD"},"content":{"rendered":"\n<div class=\"wp-duotone-unset-7 wp-block-cover alignfull is-light\" style=\"margin-top:0;padding-top:4vw;padding-right:4vw;padding-bottom:4vw;padding-left:4vw;min-height:50vh\"><span aria-hidden=\"true\" class=\"wp-block-cover__background has-black-background-color has-background-dim-30 has-background-dim\"><\/span><img decoding=\"async\" loading=\"lazy\" width=\"1920\" height=\"1087\" class=\"wp-block-cover__image-background wp-image-9765\" alt=\"\" src=\"http:\/\/highbudi.com\/wp-content\/uploads\/2023\/10\/high-budi-cbd-premium-2.jpg\" data-object-fit=\"cover\" srcset=\"https:\/\/highbudi.com\/wp-content\/uploads\/2023\/10\/high-budi-cbd-premium-2.jpg 1920w, https:\/\/highbudi.com\/wp-content\/uploads\/2023\/10\/high-budi-cbd-premium-2-300x170.jpg 300w, https:\/\/highbudi.com\/wp-content\/uploads\/2023\/10\/high-budi-cbd-premium-2-1024x580.jpg 1024w, https:\/\/highbudi.com\/wp-content\/uploads\/2023\/10\/high-budi-cbd-premium-2-768x435.jpg 768w, https:\/\/highbudi.com\/wp-content\/uploads\/2023\/10\/high-budi-cbd-premium-2-1536x870.jpg 1536w, https:\/\/highbudi.com\/wp-content\/uploads\/2023\/10\/high-budi-cbd-premium-2-600x340.jpg 600w\" sizes=\"(max-width: 1920px) 100vw, 1920px\" \/><div class=\"wp-block-cover__inner-container\">\n<div class=\"wp-block-group is-layout-flow\"><div class=\"wp-block-group__inner-container\">\n<h2 class=\"wp-block-heading has-text-align-center has-text-color\" style=\"color:#b0f9b2;font-size:79px;text-transform:uppercase\"><strong>CBD de Qualit\u00e9<\/strong><\/h2>\n\n\n\n<div style=\"height:35px\" aria-hidden=\"true\" class=\"wp-block-spacer\"><\/div>\n\n\n\n<div class=\"wp-block-columns is-layout-flex wp-container-5\">\n<div class=\"wp-block-column is-layout-flow\">\n<h3 class=\"wp-block-heading has-text-align-center has-text-color\" style=\"color:#b0f9b2;font-size:30px\"><a href=\"https:\/\/highbudi.com\/index.php\/product-category\/fleurs\/\" title=\"\">Fleurs de CBD<\/a><\/h3>\n\n\n\n<div style=\"height:20px\" aria-hidden=\"true\" class=\"wp-block-spacer\"><\/div>\n\n\n<div class=\"wp-block-image\">\n<figure class=\"aligncenter size-full is-resized\"><a href=\"https:\/\/highbudi.com\/index.php\/product-category\/fleurs\/\"><img decoding=\"async\" src=\"https:\/\/highbudi.com\/wp-content\/uploads\/2023\/10\/fleur-de-cbd.png\" alt=\"\" class=\"wp-image-9960\" width=\"230\" srcset=\"https:\/\/highbudi.com\/wp-content\/uploads\/2023\/10\/fleur-de-cbd.png 800w, https:\/\/highbudi.com\/wp-content\/uploads\/2023\/10\/fleur-de-cbd-300x300.png 300w, https:\/\/highbudi.com\/wp-content\/uploads\/2023\/10\/fleur-de-cbd-150x150.png 150w, https:\/\/highbudi.com\/wp-content\/uploads\/2023\/10\/fleur-de-cbd-768x768.png 768w, https:\/\/highbudi.com\/wp-content\/uploads\/2023\/10\/fleur-de-cbd-600x600.png 600w\" sizes=\"(max-width: 800px) 100vw, 800px\" \/><\/a><\/figure><\/div><\/div>\n\n\n\n<div class=\"wp-block-column is-layout-flow\">\n<h3 class=\"wp-block-heading has-text-align-center has-text-color\" style=\"color:#b0f9b2;font-size:30px\"><a href=\"https:\/\/highbudi.com\/index.php\/resines-de-cbd-high-budi\/\">R\u00e9sines de CBD<\/a><\/h3>\n\n\n\n<div style=\"height:20px\" aria-hidden=\"true\" class=\"wp-block-spacer\"><\/div>\n\n\n<div class=\"wp-block-image\">\n<figure class=\"aligncenter size-full is-resized\"><a href=\"https:\/\/highbudi.com\/index.php\/resines-de-cbd-high-budi\/\"><img decoding=\"async\" src=\"https:\/\/highbudi.com\/wp-content\/uploads\/2023\/10\/resine-de-cbd.png\" alt=\"\" class=\"wp-image-9962\" width=\"230\" srcset=\"https:\/\/highbudi.com\/wp-content\/uploads\/2023\/10\/resine-de-cbd.png 800w, https:\/\/highbudi.com\/wp-content\/uploads\/2023\/10\/resine-de-cbd-300x300.png 300w, https:\/\/highbudi.com\/wp-content\/uploads\/2023\/10\/resine-de-cbd-150x150.png 150w, https:\/\/highbudi.com\/wp-content\/uploads\/2023\/10\/resine-de-cbd-768x768.png 768w, https:\/\/highbudi.com\/wp-content\/uploads\/2023\/10\/resine-de-cbd-600x600.png 600w\" sizes=\"(max-width: 800px) 100vw, 800px\" \/><\/a><\/figure><\/div><\/div>\n\n\n\n<div class=\"wp-block-column is-layout-flow\">\n<h3 class=\"wp-block-heading has-text-align-center\" style=\"font-size:30px\"><a href=\"https:\/\/highbudi.com\/index.php\/resines-de-cbd-high-budi\/\">CBD Pr\u00e9-roul\u00e9<\/a><\/h3>\n\n\n\n<div style=\"height:20px\" aria-hidden=\"true\" class=\"wp-block-spacer\"><\/div>\n\n\n<div class=\"wp-block-image\">\n<figure class=\"aligncenter size-full is-resized\"><img decoding=\"async\" src=\"https:\/\/highbudi.com\/wp-content\/uploads\/2024\/03\/CBD-pre-roll-high-budi-pre-roule.png\" alt=\"\" class=\"wp-image-10090\" width=\"230\" srcset=\"https:\/\/highbudi.com\/wp-content\/uploads\/2024\/03\/CBD-pre-roll-high-budi-pre-roule.png 646w, https:\/\/highbudi.com\/wp-content\/uploads\/2024\/03\/CBD-pre-roll-high-budi-pre-roule-300x297.png 300w, https:\/\/highbudi.com\/wp-content\/uploads\/2024\/03\/CBD-pre-roll-high-budi-pre-roule-150x150.png 150w, https:\/\/highbudi.com\/wp-content\/uploads\/2024\/03\/CBD-pre-roll-high-budi-pre-roule-600x594.png 600w\" sizes=\"(max-width: 646px) 100vw, 646px\" \/><\/figure><\/div><\/div>\n\n\n\n<div class=\"wp-block-column is-layout-flow\">\n<h3 class=\"wp-block-heading has-text-align-center\" style=\"font-size:30px\"><a href=\"https:\/\/highbudi.com\/index.php\/les-huiles-de-cbd-high-budi\/\" title=\"Les huiles de CBD High Budi\">Huiles CBD<\/a><\/h3>\n\n\n\n<div style=\"height:20px\" aria-hidden=\"true\" class=\"wp-block-spacer\"><\/div>\n\n\n<div class=\"wp-block-image\">\n<figure class=\"aligncenter size-full is-resized\"><a href=\"https:\/\/highbudi.com\/index.php\/les-huiles-de-cbd-high-budi\/\"><img decoding=\"async\" src=\"https:\/\/highbudi.com\/wp-content\/uploads\/2024\/05\/huile-de-cbd-full-spectrum-suisse-premium.png\" alt=\"\" class=\"wp-image-10143\" width=\"230\" srcset=\"https:\/\/highbudi.com\/wp-content\/uploads\/2024\/05\/huile-de-cbd-full-spectrum-suisse-premium.png 800w, https:\/\/highbudi.com\/wp-content\/uploads\/2024\/05\/huile-de-cbd-full-spectrum-suisse-premium-300x300.png 300w, https:\/\/highbudi.com\/wp-content\/uploads\/2024\/05\/huile-de-cbd-full-spectrum-suisse-premium-150x150.png 150w, https:\/\/highbudi.com\/wp-content\/uploads\/2024\/05\/huile-de-cbd-full-spectrum-suisse-premium-768x768.png 768w, https:\/\/highbudi.com\/wp-content\/uploads\/2024\/05\/huile-de-cbd-full-spectrum-suisse-premium-600x600.png 600w\" sizes=\"(max-width: 800px) 100vw, 800px\" \/><\/a><\/figure><\/div><\/div>\n<\/div>\n<\/div><\/div>\n<\/div><\/div>\n\n\n<div class=\"wp-block-image\">\n<figure class=\"aligncenter size-full is-resized\"><img decoding=\"async\" loading=\"lazy\" src=\"https:\/\/highbudi.com\/wp-content\/uploads\/2023\/10\/high-budi.png\" alt=\"\" class=\"wp-image-9927\" width=\"250\" height=\"59\" srcset=\"https:\/\/highbudi.com\/wp-content\/uploads\/2023\/10\/high-budi.png 1000w, https:\/\/highbudi.com\/wp-content\/uploads\/2023\/10\/high-budi-300x71.png 300w, https:\/\/highbudi.com\/wp-content\/uploads\/2023\/10\/high-budi-768x180.png 768w, https:\/\/highbudi.com\/wp-content\/uploads\/2023\/10\/high-budi-600x141.png 600w\" sizes=\"(max-width: 250px) 100vw, 250px\" \/><\/figure><\/div>\n\n\n<h4 class=\"wp-block-heading has-text-align-center has-text-color\" style=\"color:#425e1a;font-size:22px\">High sensation, high quality <\/h4>\n\n\n\n<div class=\"wp-block-columns is-layout-flex wp-container-10\">\n<div class=\"wp-block-column is-layout-flow\">\n<div class=\"wp-block-cover\"><span aria-hidden=\"true\" class=\"wp-block-cover__background has-background-dim-40 has-background-dim\" style=\"background-color:#466021\"><\/span><img decoding=\"async\" loading=\"lazy\" width=\"1805\" height=\"1356\" class=\"wp-block-cover__image-background wp-image-9423\" alt=\"\" src=\"http:\/\/highbudi.com\/wp-content\/uploads\/2020\/04\/loung-about-half-bg.jpg\" data-object-fit=\"cover\" srcset=\"https:\/\/highbudi.com\/wp-content\/uploads\/2020\/04\/loung-about-half-bg.jpg 1805w, https:\/\/highbudi.com\/wp-content\/uploads\/2020\/04\/loung-about-half-bg-300x225.jpg 300w, https:\/\/highbudi.com\/wp-content\/uploads\/2020\/04\/loung-about-half-bg-1024x769.jpg 1024w, https:\/\/highbudi.com\/wp-content\/uploads\/2020\/04\/loung-about-half-bg-768x577.jpg 768w, https:\/\/highbudi.com\/wp-content\/uploads\/2020\/04\/loung-about-half-bg-1536x1154.jpg 1536w, https:\/\/highbudi.com\/wp-content\/uploads\/2020\/04\/loung-about-half-bg-600x451.jpg 600w\" sizes=\"(max-width: 1805px) 100vw, 1805px\" \/><div class=\"wp-block-cover__inner-container\">\n<h3 class=\"wp-block-heading has-text-align-center has-white-color has-text-color has-large-font-size\">Vente de CBD High Budi<\/h3>\n\n\n\n<p class=\"has-white-color has-text-color\">Retrouvez les produits High Budi sur notre boutique en ligne ou chez nos buralistes partenaires.<\/p>\n\n\n\n<p class=\"has-white-color has-text-color\">Profitez d&rsquo;une large gamme de fleurs ou de r\u00e9sines de CBD de qualit\u00e9 premium : Amnesia, Strawberry, Charas\u2026.<\/p>\n<\/div><\/div>\n<\/div>\n\n\n\n<div class=\"wp-block-column is-layout-flow\">\n<div class=\"wp-block-cover is-light\"><span aria-hidden=\"true\" class=\"wp-block-cover__background has-white-background-color has-background-dim-70 has-background-dim\"><\/span><img decoding=\"async\" loading=\"lazy\" width=\"2000\" height=\"1315\" class=\"wp-block-cover__image-background wp-image-8956\" alt=\"\" src=\"http:\/\/highbudi.com\/wp-content\/uploads\/2020\/04\/shutterstock_421629436.jpg\" data-object-fit=\"cover\" srcset=\"https:\/\/highbudi.com\/wp-content\/uploads\/2020\/04\/shutterstock_421629436.jpg 2000w, https:\/\/highbudi.com\/wp-content\/uploads\/2020\/04\/shutterstock_421629436-300x197.jpg 300w, https:\/\/highbudi.com\/wp-content\/uploads\/2020\/04\/shutterstock_421629436-1024x673.jpg 1024w, https:\/\/highbudi.com\/wp-content\/uploads\/2020\/04\/shutterstock_421629436-768x505.jpg 768w, https:\/\/highbudi.com\/wp-content\/uploads\/2020\/04\/shutterstock_421629436-1536x1010.jpg 1536w, https:\/\/highbudi.com\/wp-content\/uploads\/2020\/04\/shutterstock_421629436-600x395.jpg 600w\" sizes=\"(max-width: 2000px) 100vw, 2000px\" \/><div class=\"wp-block-cover__inner-container\">\n<h3 class=\"wp-block-heading has-text-align-center has-text-color has-large-font-size\" style=\"color:#425e1a\">Fleurs et r\u00e9sines de CBD haut de gamme<\/h3>\n\n\n\n<p class=\"has-text-color\" style=\"color:#2f4613\">Le CBD High Budi est produit en Suisse ou en France. R\u00e9sultat d&rsquo;une culture biologique et en int\u00e9rieur (indoor) ou sous serre (Grennhouse) nos produits b\u00e9n\u00e9ficient d&rsquo;une qualit\u00e9 haut de gamme.<\/p>\n<\/div><\/div>\n<\/div>\n<\/div>\n","protected":false},"excerpt":{"rendered":"<p>High sensation, high quality<\/p>\n","protected":false},"author":1,"featured_media":0,"parent":0,"menu_order":0,"comment_status":"closed","ping_status":"closed","template":"","meta":[],"aioseo_notices":[],"_links":{"self":[{"href":"https:\/\/highbudi.com\/index.php\/wp-json\/wp\/v2\/pages\/9331"}],"collection":[{"href":"https:\/\/highbudi.com\/index.php\/wp-json\/wp\/v2\/pages"}],"about":[{"href":"https:\/\/highbudi.com\/index.php\/wp-json\/wp\/v2\/types\/page"}],"author":[{"embeddable":true,"href":"https:\/\/highbudi.com\/index.php\/wp-json\/wp\/v2\/users\/1"}],"replies":[{"embeddable":true,"href":"https:\/\/highbudi.com\/index.php\/wp-json\/wp\/v2\/comments?post=9331"}],"version-history":[{"count":4,"href":"https:\/\/highbudi.com\/index.php\/wp-json\/wp\/v2\/pages\/9331\/revisions"}],"predecessor-version":[{"id":10568,"href":"https:\/\/highbudi.com\/index.php\/wp-json\/wp\/v2\/pages\/9331\/revisions\/10568"}],"wp:attachment":[{"href":"https:\/\/highbudi.com\/index.php\/wp-json\/wp\/v2\/media?parent=9331"}],"curies":[{"name":"wp","href":"https:\/\/api.w.org\/{rel}","templated":true}]}}