{"id":10285,"date":"2024-10-08T18:22:30","date_gmt":"2024-10-08T16:22:30","guid":{"rendered":"https:\/\/highbudi.com\/?page_id=10285"},"modified":"2024-10-10T20:43:44","modified_gmt":"2024-10-10T18:43:44","slug":"cbd-premium","status":"publish","type":"page","link":"https:\/\/highbudi.com\/index.php\/cbd-premium\/","title":{"rendered":"D\u00e9couvrez la Qualit\u00e9 Premium des Produits CBD High Budi"},"content":{"rendered":"\n<p>Chez <strong>High Budi<\/strong>, la qualit\u00e9 est notre priorit\u00e9 absolue. Nous s\u00e9lectionnons nos produits \u00e0 base de <strong>CBD <\/strong>avec le plus grand soin, en respectant des crit\u00e8res qualitatifs rigoureux \u00e0 chaque \u00e9tape du processus. Qu&rsquo;il s&rsquo;agisse de la culture des <strong>fleurs<\/strong>, de la production des <strong>huiles <\/strong>ou des <strong>r\u00e9sines<\/strong>, chaque d\u00e9tail est minutieusement contr\u00f4l\u00e9 pour garantir \u00e0 nos clients une exp\u00e9rience <strong>CBD <\/strong>exceptionnelle. Tous nos produits sont issus de cultures durables et respectueuses de l&rsquo;environnement, pour offrir un <strong>CBD <\/strong>pur, efficace et enti\u00e8rement tra\u00e7able.<\/p>\n\n\n\n<h2 class=\"wp-block-heading has-text-align-center\" id=\"fleurs\">Fleurs de CBD de qualit\u00e9 Premium<\/h2>\n\n\n\n<div style=\"height:34px\" aria-hidden=\"true\" class=\"wp-block-spacer\"><\/div>\n\n\n<div data-block-name=\"woocommerce\/product-category\" data-columns=\"4\" data-rows=\"2\" data-categories=\"[44]\" class=\"wc-block-grid wp-block-product-category wc-block-product-category has-4-columns has-multiple-rows\"><ul class=\"wc-block-grid__products\"><li class=\"wc-block-grid__product\">\n\t\t\t\t<a href=\"https:\/\/highbudi.com\/index.php\/product\/fleur-de-cbd-orange-fanta\/\" class=\"wc-block-grid__product-link\">\n\t\t\t\t\t<div class=\"wc-block-grid__product-image\"><img width=\"300\" height=\"300\" src=\"https:\/\/highbudi.com\/wp-content\/uploads\/2024\/10\/fleurs-cbd-orange-bud-indoor-suisse-300x300.jpg\" class=\"attachment-woocommerce_thumbnail size-woocommerce_thumbnail\" alt=\"Fleur de CBD Orange Fanta\" decoding=\"async\" loading=\"lazy\" srcset=\"https:\/\/highbudi.com\/wp-content\/uploads\/2024\/10\/fleurs-cbd-orange-bud-indoor-suisse-300x300.jpg 300w, https:\/\/highbudi.com\/wp-content\/uploads\/2024\/10\/fleurs-cbd-orange-bud-indoor-suisse-150x150.jpg 150w, https:\/\/highbudi.com\/wp-content\/uploads\/2024\/10\/fleurs-cbd-orange-bud-indoor-suisse-600x600.jpg 600w, https:\/\/highbudi.com\/wp-content\/uploads\/2024\/10\/fleurs-cbd-orange-bud-indoor-suisse.jpg 650w\" sizes=\"(max-width: 300px) 100vw, 300px\" \/><\/div>\n\t\t\t\t\t<div class=\"wc-block-grid__product-title\">Fleur de CBD Orange Fanta<\/div>\n\t\t\t\t<\/a>\n\t\t\t\t\n\t\t\t\t<div class=\"wc-block-grid__product-price price\"><span class=\"woocommerce-Price-amount amount\"><span class=\"woocommerce-Price-currencySymbol\">&euro;<\/span>11.95<\/span> &ndash; <span class=\"woocommerce-Price-amount amount\"><span class=\"woocommerce-Price-currencySymbol\">&euro;<\/span>50.90<\/span><\/div>\n\t\t\t\t\n\t\t\t\t<div class=\"wp-block-button wc-block-grid__product-add-to-cart\"><a href=\"https:\/\/highbudi.com\/index.php\/product\/fleur-de-cbd-orange-fanta\/\" aria-label=\"S\u00e9lectionner les options pour &ldquo;Fleur de CBD Orange Fanta&rdquo;\" data-quantity=\"1\" data-product_id=\"10216\" data-product_sku=\"\" rel=\"nofollow\" class=\"wp-block-button__link  add_to_cart_button\">Choix des options<\/a><\/div>\n\t\t\t<\/li><li class=\"wc-block-grid__product\">\n\t\t\t\t<a href=\"https:\/\/highbudi.com\/index.php\/product\/fleur-de-cbd-purple\/\" class=\"wc-block-grid__product-link\">\n\t\t\t\t\t<div class=\"wc-block-grid__product-image\"><img width=\"300\" height=\"300\" src=\"https:\/\/highbudi.com\/wp-content\/uploads\/2024\/10\/purple-fleurs-cbd-indoor-suisse-300x300.jpg\" class=\"attachment-woocommerce_thumbnail size-woocommerce_thumbnail\" alt=\"Fleur de CBD Purple\" decoding=\"async\" loading=\"lazy\" srcset=\"https:\/\/highbudi.com\/wp-content\/uploads\/2024\/10\/purple-fleurs-cbd-indoor-suisse-300x300.jpg 300w, https:\/\/highbudi.com\/wp-content\/uploads\/2024\/10\/purple-fleurs-cbd-indoor-suisse-150x150.jpg 150w, https:\/\/highbudi.com\/wp-content\/uploads\/2024\/10\/purple-fleurs-cbd-indoor-suisse-600x600.jpg 600w, https:\/\/highbudi.com\/wp-content\/uploads\/2024\/10\/purple-fleurs-cbd-indoor-suisse.jpg 650w\" sizes=\"(max-width: 300px) 100vw, 300px\" \/><\/div>\n\t\t\t\t\t<div class=\"wc-block-grid__product-title\">Fleur de CBD Purple<\/div>\n\t\t\t\t<\/a>\n\t\t\t\t\n\t\t\t\t<div class=\"wc-block-grid__product-price price\"><span class=\"woocommerce-Price-amount amount\"><span class=\"woocommerce-Price-currencySymbol\">&euro;<\/span>12.50<\/span> &ndash; <span class=\"woocommerce-Price-amount amount\"><span class=\"woocommerce-Price-currencySymbol\">&euro;<\/span>52.20<\/span><\/div>\n\t\t\t\t\n\t\t\t\t<div class=\"wp-block-button wc-block-grid__product-add-to-cart\"><a href=\"https:\/\/highbudi.com\/index.php\/product\/fleur-de-cbd-purple\/\" aria-label=\"S\u00e9lectionner les options pour &ldquo;Fleur de CBD Purple&rdquo;\" data-quantity=\"1\" data-product_id=\"10214\" data-product_sku=\"\" rel=\"nofollow\" class=\"wp-block-button__link  add_to_cart_button\">Choix des options<\/a><\/div>\n\t\t\t<\/li><li class=\"wc-block-grid__product\">\n\t\t\t\t<a href=\"https:\/\/highbudi.com\/index.php\/product\/fleur-de-cbd-skittles\/\" class=\"wc-block-grid__product-link\">\n\t\t\t\t\t<div class=\"wc-block-grid__product-image\"><img width=\"300\" height=\"300\" src=\"https:\/\/highbudi.com\/wp-content\/uploads\/2024\/10\/skittles-indoor-cbd-suisse-300x300.jpg\" class=\"attachment-woocommerce_thumbnail size-woocommerce_thumbnail\" alt=\"Fleur de CBD Skittles\" decoding=\"async\" loading=\"lazy\" srcset=\"https:\/\/highbudi.com\/wp-content\/uploads\/2024\/10\/skittles-indoor-cbd-suisse-300x300.jpg 300w, https:\/\/highbudi.com\/wp-content\/uploads\/2024\/10\/skittles-indoor-cbd-suisse-150x150.jpg 150w, https:\/\/highbudi.com\/wp-content\/uploads\/2024\/10\/skittles-indoor-cbd-suisse-600x600.jpg 600w, https:\/\/highbudi.com\/wp-content\/uploads\/2024\/10\/skittles-indoor-cbd-suisse.jpg 650w\" sizes=\"(max-width: 300px) 100vw, 300px\" \/><\/div>\n\t\t\t\t\t<div class=\"wc-block-grid__product-title\">Fleur de CBD Skittles<\/div>\n\t\t\t\t<\/a>\n\t\t\t\t\n\t\t\t\t<div class=\"wc-block-grid__product-price price\"><span class=\"woocommerce-Price-amount amount\"><span class=\"woocommerce-Price-currencySymbol\">&euro;<\/span>12.20<\/span> &ndash; <span class=\"woocommerce-Price-amount amount\"><span class=\"woocommerce-Price-currencySymbol\">&euro;<\/span>48.15<\/span><\/div>\n\t\t\t\t\n\t\t\t\t<div class=\"wp-block-button wc-block-grid__product-add-to-cart\"><a href=\"https:\/\/highbudi.com\/index.php\/product\/fleur-de-cbd-skittles\/\" aria-label=\"S\u00e9lectionner les options pour &ldquo;Fleur de CBD Skittles&rdquo;\" data-quantity=\"1\" data-product_id=\"10212\" data-product_sku=\"\" rel=\"nofollow\" class=\"wp-block-button__link  add_to_cart_button\">Choix des options<\/a><\/div>\n\t\t\t<\/li><li class=\"wc-block-grid__product\">\n\t\t\t\t<a href=\"https:\/\/highbudi.com\/index.php\/product\/fleur-de-cbd-candy-kush\/\" class=\"wc-block-grid__product-link\">\n\t\t\t\t\t<div class=\"wc-block-grid__product-image\"><img width=\"300\" height=\"300\" src=\"https:\/\/highbudi.com\/wp-content\/uploads\/2024\/10\/Candy-Kush-cbd-indoor-suisse-300x300.jpg\" class=\"attachment-woocommerce_thumbnail size-woocommerce_thumbnail\" alt=\"Fleur de CBD Candy Kush\" decoding=\"async\" loading=\"lazy\" srcset=\"https:\/\/highbudi.com\/wp-content\/uploads\/2024\/10\/Candy-Kush-cbd-indoor-suisse-300x300.jpg 300w, https:\/\/highbudi.com\/wp-content\/uploads\/2024\/10\/Candy-Kush-cbd-indoor-suisse-150x150.jpg 150w, https:\/\/highbudi.com\/wp-content\/uploads\/2024\/10\/Candy-Kush-cbd-indoor-suisse-600x600.jpg 600w, https:\/\/highbudi.com\/wp-content\/uploads\/2024\/10\/Candy-Kush-cbd-indoor-suisse.jpg 650w\" sizes=\"(max-width: 300px) 100vw, 300px\" \/><\/div>\n\t\t\t\t\t<div class=\"wc-block-grid__product-title\">Fleur de CBD Candy Kush<\/div>\n\t\t\t\t<\/a>\n\t\t\t\t\n\t\t\t\t<div class=\"wc-block-grid__product-price price\"><span class=\"woocommerce-Price-amount amount\"><span class=\"woocommerce-Price-currencySymbol\">&euro;<\/span>12.90<\/span> &ndash; <span class=\"woocommerce-Price-amount amount\"><span class=\"woocommerce-Price-currencySymbol\">&euro;<\/span>48.90<\/span><\/div>\n\t\t\t\t\n\t\t\t\t<div class=\"wp-block-button wc-block-grid__product-add-to-cart\"><a href=\"https:\/\/highbudi.com\/index.php\/product\/fleur-de-cbd-candy-kush\/\" aria-label=\"S\u00e9lectionner les options pour &ldquo;Fleur de CBD Candy Kush&rdquo;\" data-quantity=\"1\" data-product_id=\"10211\" data-product_sku=\"\" rel=\"nofollow\" class=\"wp-block-button__link  add_to_cart_button\">Choix des options<\/a><\/div>\n\t\t\t<\/li><\/ul><\/div>\n\n\n<div style=\"height:34px\" aria-hidden=\"true\" class=\"wp-block-spacer\"><\/div>\n\n\n\n<h3 class=\"wp-block-heading\">Fleurs de CBD cultiv\u00e9es en Indoor<\/h3>\n\n\n\n<p>Nos <strong>fleurs de CBD cultiv\u00e9es en Indoor<\/strong> sont le reflet de notre engagement envers l&rsquo;excellence. Cultiv\u00e9es dans des environnements totalement contr\u00f4l\u00e9s, ces fleurs b\u00e9n\u00e9ficient des conditions de croissance optimales : temp\u00e9rature, humidit\u00e9 et lumi\u00e8re sont ajust\u00e9es pr\u00e9cis\u00e9ment pour obtenir des t\u00eates de haute qualit\u00e9. Ce type de culture permet de pr\u00e9server toutes les propri\u00e9t\u00e9s du CBD, garantissant un produit riche en cannabino\u00efdes et en terp\u00e8nes, pour une exp\u00e9rience sensorielle et th\u00e9rapeutique unique.<\/p>\n\n\n\n<p>Les avantages des fleurs Indoor :<\/p>\n\n\n\n<ul>\n<li><strong>Puissance sup\u00e9rieure<\/strong> : En int\u00e9rieur, nous ma\u00eetrisons chaque param\u00e8tre de croissance, ce qui permet d&rsquo;obtenir des fleurs au taux de CBD plus \u00e9lev\u00e9.<\/li>\n\n\n\n<li><strong>Puret\u00e9<\/strong> : L&rsquo;absence de contaminants ext\u00e9rieurs assure une qualit\u00e9 constante et une s\u00e9curit\u00e9 maximale.<\/li>\n\n\n\n<li><strong>Go\u00fbt et ar\u00f4mes intenses<\/strong> : Les terp\u00e8nes, responsables des saveurs et odeurs, sont mieux conserv\u00e9s, offrant un profil aromatique riche et complexe.<\/li>\n<\/ul>\n\n\n\n<h3 class=\"wp-block-heading\">Fleurs de CBD cultiv\u00e9es en Glass House ou Green House<\/h3>\n\n\n\n<p>Les <strong>fleurs de CBD cultiv\u00e9es en Glass House<\/strong> (serre en verre) et en Green House (serre classique) repr\u00e9sentent un excellent compromis entre culture Indoor et Outdoor. Ces m\u00e9thodes offrent une culture sous serre, qui permet aux plantes de b\u00e9n\u00e9ficier de la lumi\u00e8re naturelle tout en \u00e9tant prot\u00e9g\u00e9es des intemp\u00e9ries et des polluants ext\u00e9rieurs. Ce type de culture est id\u00e9al pour produire des fleurs de CBD \u00e0 des prix comp\u00e9titifs sans compromettre la qualit\u00e9.<\/p>\n\n\n\n<p>Les avantages des fleurs en Glass House ou Green House :<\/p>\n\n\n\n<ul>\n<li><strong>Culture \u00e9co-responsable<\/strong> : En utilisant la lumi\u00e8re naturelle, nous r\u00e9duisons notre empreinte \u00e9cologique tout en assurant une croissance contr\u00f4l\u00e9e des plantes.<\/li>\n\n\n\n<li><strong>Qualit\u00e9 constante<\/strong> : Les fleurs cultiv\u00e9es sous serre conservent un bon \u00e9quilibre entre puissance et ar\u00f4mes gr\u00e2ce \u00e0 une protection optimale.<\/li>\n\n\n\n<li><strong>Tarif accessible<\/strong> : Moins co\u00fbteuse que la culture Indoor, cette m\u00e9thode permet de proposer des fleurs premium \u00e0 un prix plus abordable.<\/li>\n<\/ul>\n\n\n\n<h3 class=\"wp-block-heading\">Produits issus de fleurs de CBD de qualit\u00e9 sup\u00e9rieure<\/h3>\n\n\n\n<div style=\"height:35px\" aria-hidden=\"true\" class=\"wp-block-spacer\"><\/div>\n\n\n\n<div class=\"wp-block-columns is-layout-flex wp-container-5\">\n<div class=\"wp-block-column is-layout-flow\"><div class=\"wp-block-image\">\n<figure class=\"aligncenter size-full is-resized\"><a href=\"https:\/\/highbudi.com\/index.php\/resines-de-cbd-high-budi\/\"><img decoding=\"async\" loading=\"lazy\" src=\"http:\/\/highbudi.com\/wp-content\/uploads\/2024\/10\/charas-hash-cbd-suisse-high-budi-1.jpg\" alt=\"\" class=\"wp-image-10500\" width=\"180\" height=\"180\" srcset=\"https:\/\/highbudi.com\/wp-content\/uploads\/2024\/10\/charas-hash-cbd-suisse-high-budi-1.jpg 650w, https:\/\/highbudi.com\/wp-content\/uploads\/2024\/10\/charas-hash-cbd-suisse-high-budi-1-300x300.jpg 300w, https:\/\/highbudi.com\/wp-content\/uploads\/2024\/10\/charas-hash-cbd-suisse-high-budi-1-150x150.jpg 150w, https:\/\/highbudi.com\/wp-content\/uploads\/2024\/10\/charas-hash-cbd-suisse-high-budi-1-600x600.jpg 600w\" sizes=\"(max-width: 180px) 100vw, 180px\" \/><\/a><\/figure><\/div>\n\n\n<h4 class=\"wp-block-heading has-text-align-center\"><a href=\"https:\/\/highbudi.com\/index.php\/resines-de-cbd-high-budi\/\" title=\"\">R\u00e9sines<\/a><\/h4>\n<\/div>\n\n\n\n<div class=\"wp-block-column is-layout-flow\"><div class=\"wp-block-image\">\n<figure class=\"aligncenter size-large is-resized\"><a href=\"https:\/\/highbudi.com\/index.php\/les-huiles-de-cbd-high-budi\/\"><img decoding=\"async\" loading=\"lazy\" src=\"http:\/\/highbudi.com\/wp-content\/uploads\/2024\/05\/huile-de-cbd-biologique-full-spectrum-1024x1024.jpg\" alt=\"\" class=\"wp-image-10148\" width=\"180\" height=\"180\" srcset=\"https:\/\/highbudi.com\/wp-content\/uploads\/2024\/05\/huile-de-cbd-biologique-full-spectrum-1024x1024.jpg 1024w, https:\/\/highbudi.com\/wp-content\/uploads\/2024\/05\/huile-de-cbd-biologique-full-spectrum-300x300.jpg 300w, https:\/\/highbudi.com\/wp-content\/uploads\/2024\/05\/huile-de-cbd-biologique-full-spectrum-150x150.jpg 150w, https:\/\/highbudi.com\/wp-content\/uploads\/2024\/05\/huile-de-cbd-biologique-full-spectrum-768x768.jpg 768w, https:\/\/highbudi.com\/wp-content\/uploads\/2024\/05\/huile-de-cbd-biologique-full-spectrum-600x600.jpg 600w, https:\/\/highbudi.com\/wp-content\/uploads\/2024\/05\/huile-de-cbd-biologique-full-spectrum.jpg 1500w\" sizes=\"(max-width: 180px) 100vw, 180px\" \/><\/a><\/figure><\/div>\n\n\n<h4 class=\"wp-block-heading has-text-align-center\"><a href=\"https:\/\/highbudi.com\/index.php\/les-huiles-de-cbd-high-budi\/\" title=\"\">Huiles<\/a><\/h4>\n<\/div>\n\n\n\n<div class=\"wp-block-column is-layout-flow\">\n<figure class=\"wp-block-image\"><img alt=\"\"\/><\/figure>\n<\/div>\n\n\n\n<div class=\"wp-block-column is-layout-flow\"><\/div>\n<\/div>\n\n\n\n<p>Gr\u00e2ce \u00e0 la qualit\u00e9 exceptionnelle de nos <strong>fleurs de CBD<\/strong>, nous d\u00e9clinons une large gamme de produits pour r\u00e9pondre \u00e0 tous les besoins :<\/p>\n\n\n\n<ul>\n<li><strong>R\u00e9sines de CBD<\/strong> : Issues des fleurs les plus riches en r\u00e9sine, nos r\u00e9sines de CBD sont d&rsquo;une puret\u00e9 exceptionnelle, id\u00e9ales pour une utilisation concentr\u00e9e et puissante.<\/li>\n\n\n\n<li><strong>Huiles de CBD<\/strong> : Nos huiles sont extraites \u00e0 partir des fleurs les plus concentr\u00e9es en cannabino\u00efdes, offrant une efficacit\u00e9 maximale pour une d\u00e9tente et un bien-\u00eatre durable.<\/li>\n\n\n\n<li><strong>Sirops de CBD<\/strong> : Une formule douce et efficace, id\u00e9ale pour ceux qui pr\u00e9f\u00e8rent un produit CBD \u00e0 boire, offrant relaxation et apaisement au quotidien.<\/li>\n\n\n\n<li><strong>E-liquides de CBD<\/strong> : Pour les amateurs de vapotage, nos e-liquides sont \u00e9labor\u00e9s avec les meilleurs extraits de fleurs CBD, garantissant un moment de plaisir et de d\u00e9tente \u00e0 chaque bouff\u00e9e.<\/li>\n<\/ul>\n\n\n\n<p><strong>High Budi<\/strong> s\u2019engage \u00e0 offrir des produits qui respectent les plus hauts standards de qualit\u00e9, que vous recherchiez une fleur de CBD premium, des huiles puissantes ou des r\u00e9sines concentr\u00e9es. Nous avons \u00e0 c\u0153ur de proposer une exp\u00e9rience CBD authentique, naturelle et transparente.<\/p>\n","protected":false},"excerpt":{"rendered":"<p>Chez High Budi, la qualit\u00e9 est notre priorit\u00e9 absolue. Nous s\u00e9lectionnons nos produits \u00e0 base de CBD avec le plus grand soin, en respectant des crit\u00e8res qualitatifs rigoureux \u00e0 chaque \u00e9tape du processus. Qu&rsquo;il s&rsquo;agisse de la culture des fleurs, de la production des huiles ou des r\u00e9sines, chaque d\u00e9tail est minutieusement contr\u00f4l\u00e9 pour garantir [&hellip;]<\/p>\n","protected":false},"author":1,"featured_media":0,"parent":0,"menu_order":0,"comment_status":"closed","ping_status":"closed","template":"","meta":[],"aioseo_notices":[],"_links":{"self":[{"href":"https:\/\/highbudi.com\/index.php\/wp-json\/wp\/v2\/pages\/10285"}],"collection":[{"href":"https:\/\/highbudi.com\/index.php\/wp-json\/wp\/v2\/pages"}],"about":[{"href":"https:\/\/highbudi.com\/index.php\/wp-json\/wp\/v2\/types\/page"}],"author":[{"embeddable":true,"href":"https:\/\/highbudi.com\/index.php\/wp-json\/wp\/v2\/users\/1"}],"replies":[{"embeddable":true,"href":"https:\/\/highbudi.com\/index.php\/wp-json\/wp\/v2\/comments?post=10285"}],"version-history":[{"count":5,"href":"https:\/\/highbudi.com\/index.php\/wp-json\/wp\/v2\/pages\/10285\/revisions"}],"predecessor-version":[{"id":10561,"href":"https:\/\/highbudi.com\/index.php\/wp-json\/wp\/v2\/pages\/10285\/revisions\/10561"}],"wp:attachment":[{"href":"https:\/\/highbudi.com\/index.php\/wp-json\/wp\/v2\/media?parent=10285"}],"curies":[{"name":"wp","href":"https:\/\/api.w.org\/{rel}","templated":true}]}}